{"id":54,"date":"2025-03-12T19:15:25","date_gmt":"2025-03-12T22:15:25","guid":{"rendered":"http:\/\/obscuradoria.com.br\/?page_id=54"},"modified":"2025-04-19T16:14:11","modified_gmt":"2025-04-19T19:14:11","slug":"sobre","status":"publish","type":"page","link":"https:\/\/obscuradoria.com\/?page_id=54","title":{"rendered":"SOBRE"},"content":{"rendered":"\n<p><\/p>\n\n\n\n<p>A ideia do OBSCURADORIA \u00e9 resgatar um lado pitoresco e meio abandonado da cultura pop, que n\u00e3o costuma encontrar muito espa\u00e7o em sites e redes sociais.<\/p>\n\n\n\n<p>Filmes, seriados, programas, livros e artistas pouco (ou nada) comentados hoje em dia, mas nem por isso menos interessantes. Obscuridades e tamb\u00e9m coisas conhecidas, mas que andam esquecidas h\u00e1 tempos.&nbsp;<\/p>\n\n\n\n<p>O site \u00e9 uma vers\u00e3o &#8220;evolu\u00edda&#8221; do blog Porcos, Elefantes e Doninhas, que mantive por quase 18 anos. Vou expandir aqui os assuntos que eu abordava l\u00e1.<\/p>\n\n\n\n<p>Na contram\u00e3o do modelo atual \u2014 v\u00eddeos e podcasts \u2014 minha praia \u00e9 o texto escrito, ent\u00e3o o OBSCURADORIA \u00e9 um reduto para quem ainda curte ler. (Tem algu\u00e9m a\u00ed?)<\/p>\n\n\n\n<p>O conte\u00fado \u00e9 produzido por mim, a partir de pesquisas sobre assuntos que me atraem e fascinam. Sim, aqui \u00e9 tudo na base da mem\u00f3ria afetiva.&nbsp;<\/p>\n\n\n\n<p>Sugest\u00f5es s\u00e3o sempre bem-vindas. Se quiser trocar uma ideia, \u00e9 s\u00f3 me mandar um e-mail:&nbsp;<a href=\"mailto:danielcouri@obscuradoria.com.br\">danielcouri@obscuradoria.com.br<\/a><\/p>\n\n\n\n<p><\/p>\n","protected":false},"excerpt":{"rendered":"<p>A ideia do OBSCURADORIA \u00e9 resgatar um lado pitoresco e meio abandonado da cultura pop, que n\u00e3o costuma encontrar muito espa\u00e7o em sites e redes sociais. Filmes, seriados, programas, livros e artistas pouco (ou nada) comentados hoje em dia, mas nem por isso menos interessantes. Obscuridades e tamb\u00e9m coisas conhecidas, mas que andam esquecidas h\u00e1 [&hellip;]<\/p>\n","protected":false},"author":1,"featured_media":0,"parent":0,"menu_order":0,"comment_status":"closed","ping_status":"closed","template":"","meta":{"_uag_custom_page_level_css":"","footnotes":""},"class_list":["post-54","page","type-page","status-publish","hentry"],"uagb_featured_image_src":{"full":false,"thumbnail":false,"medium":false,"medium_large":false,"large":false,"1536x1536":false,"2048x2048":false,"ultp_layout_landscape_large":false,"ultp_layout_landscape":false,"ultp_layout_portrait":false,"ultp_layout_square":false},"uagb_author_info":{"display_name":"lenxrod47","author_link":"https:\/\/obscuradoria.com\/?author=1"},"uagb_comment_info":0,"uagb_excerpt":"A ideia do OBSCURADORIA \u00e9 resgatar um lado pitoresco e meio abandonado da cultura pop, que n\u00e3o costuma encontrar muito espa\u00e7o em sites e redes sociais. Filmes, seriados, programas, livros e artistas pouco (ou nada) comentados hoje em dia, mas nem por isso menos interessantes. Obscuridades e tamb\u00e9m coisas conhecidas, mas que andam esquecidas h\u00e1&hellip;","rttpg_featured_image_url":null,"rttpg_author":{"display_name":"lenxrod47","author_link":"https:\/\/obscuradoria.com\/?author=1"},"rttpg_comment":0,"rttpg_category":null,"rttpg_excerpt":"A ideia do OBSCURADORIA \u00e9 resgatar um lado pitoresco e meio abandonado da cultura pop, que n\u00e3o costuma encontrar muito espa\u00e7o em sites e redes sociais. Filmes, seriados, programas, livros e artistas pouco (ou nada) comentados hoje em dia, mas nem por isso menos interessantes. Obscuridades e tamb\u00e9m coisas conhecidas, mas que andam esquecidas h\u00e1&hellip;","_links":{"self":[{"href":"https:\/\/obscuradoria.com\/index.php?rest_route=\/wp\/v2\/pages\/54","targetHints":{"allow":["GET"]}}],"collection":[{"href":"https:\/\/obscuradoria.com\/index.php?rest_route=\/wp\/v2\/pages"}],"about":[{"href":"https:\/\/obscuradoria.com\/index.php?rest_route=\/wp\/v2\/types\/page"}],"author":[{"embeddable":true,"href":"https:\/\/obscuradoria.com\/index.php?rest_route=\/wp\/v2\/users\/1"}],"replies":[{"embeddable":true,"href":"https:\/\/obscuradoria.com\/index.php?rest_route=%2Fwp%2Fv2%2Fcomments&post=54"}],"version-history":[{"count":4,"href":"https:\/\/obscuradoria.com\/index.php?rest_route=\/wp\/v2\/pages\/54\/revisions"}],"predecessor-version":[{"id":944,"href":"https:\/\/obscuradoria.com\/index.php?rest_route=\/wp\/v2\/pages\/54\/revisions\/944"}],"wp:attachment":[{"href":"https:\/\/obscuradoria.com\/index.php?rest_route=%2Fwp%2Fv2%2Fmedia&parent=54"}],"curies":[{"name":"wp","href":"https:\/\/api.w.org\/{rel}","templated":true}]}}